{"id":113,"date":"2023-12-04T17:54:39","date_gmt":"2023-12-04T17:54:39","guid":{"rendered":"http:\/\/rbg-5f1ac9.cloud.techfak.net\/?page_id=113"},"modified":"2024-02-20T15:42:54","modified_gmt":"2024-02-20T15:42:54","slug":"ison-2010","status":"publish","type":"page","link":"https:\/\/www.interactive-sonification.org\/?page_id=113","title":{"rendered":"ISon 2010"},"content":{"rendered":"\n<h2 class=\"wp-block-heading\">Call for Papers: Special Issue on Interactive Sonification<\/h2>\n\n\n\n<p>As follow-up to the ISon 2010 we announce a Special Issue on Interactive Sonification, to be published as Springer Journal on Multimodal User Interfaces (JMUI), see <a href=\"https:\/\/interactive-sonification.org\/files\/JMUI_InteractiveSonification_2nd_CfP.pdf\">JMUI Special Issue &#8211; Call for Papers, deadline 2011-01-17<\/a><br><br><\/p>\n\n\n\n<h2 class=\"wp-block-heading\">International Interactive Sonification Meeting<\/h2>\n\n\n\n<figure class=\"wp-block-image\"><img decoding=\"async\" src=\"https:\/\/live.staticflickr.com\/12\/14936228_34a97dd9ef_z.jpg\" alt=\"\"\/><\/figure>\n\n\n\n<p class=\"has-large-font-size\"><br>   <font size=\"5\"><i>Human Interaction with Auditory Displays<\/i><\/font><br>   <font size=\"5\">April 7th 2010<\/font><br>    <font size=\"3\">(with satellite events on 6th and 8th)<\/font><br>    <font size=\"5\">KTH, Stockholm, Sweden<\/font><br>   <font size=\"4\"><a href=\"http:\/\/www.interactive-sonification.org\">www.interactive-sonification.org<\/a><\/font>  <\/p>\n\n\n\n<p> \n\nThe ISon 2010 meeting is the 3rd International workshop on Interactive Sonification, following the initial <a href=\"http:\/\/www.interactive-sonification.org\/ISon2004\/proceedings\">ISon 2004 workshop held in Bielefeld<\/a> and the previous <a href=\"http:\/\/www.interactive-sonification.org\/ISon2007\/proceedings\">ISon 2007 workshop in York<\/a>.<br> \n \nThe meeting offers the chance:<br><\/p>\n\n\n\n<ul class=\"wp-block-list\">\n<li>to meet experts in sonification<\/li>\n\n\n\n<li>to present and demonstrate your own research<\/li>\n\n\n\n<li>to strengthen your european networking in sonification research<\/li>\n\n\n\n<li>to learn about new exciting trends<\/li>\n<\/ul>\n\n\n\n<p> \n \nAdditional goals of the meeting are: \n<\/p>\n\n\n\n<ul class=\"wp-block-list\">\n<li> to relate research on the topic of gestural control of auditory displays to interactive sonification<\/li>\n\n\n\n<li> to survey the requirements for building Interactive Sonification systems<\/li>\n\n\n\n<li> to establish a network of interested researchers in the field and exchange experiences<\/li>\n<\/ul>\n\n\n\n<p> \n \nHigh quality will be assured by a peer-reviewing process, and besides a web publication we might decide to transform the proceedings into a special journal issue, as in the 1st ISon meeting, see <a href=\"http:\/\/ieeexplore.ieee.org\/xpl\/tocresult.jsp?isYear=2005&amp;isnumber=30741&amp;Submit32=Go+To+Issues\">IEEE Multimedia Special Issue on Interactive Sonification.<\/a><br>\nISon 2010 edition is supported by <a href=\"http:\/\/www.cost-sid.org\/wiki\">COST IC0601 Action on Sonic Interaction Design (SID)<\/a>.\n\n<a name=\"about\"><\/a><\/p>\n\n\n\n<h2 class=\"wp-block-heading\">About ISon<\/h2>\n\n\n\n<p> \n \nSonification &amp; Auditory Displays are increasingly becoming an established technology for exploring data, monitoring complex processes, or assisting exploration and navigation of data spaces. Sonification addresses the auditory sense by transforming data into sound, allowing the human user to get valuable information from data by using their natural listening skills. The main differences of sound displays over visual displays are that sound can:\n \n<\/p>\n\n\n\n<ul class=\"wp-block-list\">\n<li> Represent frequency responses in an instant (as timbral characteristics)<\/li>\n\n\n\n<li> Represent changes over time, naturally<\/li>\n\n\n\n<li> Allow microstructure to be perceived<\/li>\n\n\n\n<li> Rapidly portray large amounts of data<\/li>\n\n\n\n<li> Alert listener to events outside the current visual focus<\/li>\n\n\n\n<li> Holistically bring together many channels of information<\/li>\n<\/ul>\n\n\n\n<p>Auditory displays typically evolve over time since sound is inherently a temporal phenomenon. Interaction thus becomes an integral part of the process in order to select, manipulate, excite or control the display, and this has implications for the interface between humans and computers. In recent years it has become clear that there is an important need for research to address the interaction with auditory displays more explicitly. Interactive Sonification is the specialized research topic concerned with the use of sound to portray data, but where there is a human being at the heart of an interactive control loop. Specifically it deals with:\n \n<\/p>\n\n\n\n<ul class=\"wp-block-list\">\n<li> interfaces between humans and auditory displays<\/li>\n\n\n\n<li> mapping strategies and models for creating coherency between action and reaction (e.g. acoustic feedback, but also combined with haptic or visual feedback)<\/li>\n\n\n\n<li> perceptual aspects of the display (how to relate actions and sound, e.g. cross-modal effects, importance of synchronisation) <\/li>\n\n\n\n<li> applications of Interactive Sonification <\/li>\n\n\n\n<li> evaluation of performance, usability and multi-modal interactive systems including auditory feedback<\/li>\n<\/ul>\n\n\n\n<p>Although we apply a spotlight on particular situations where there is real-time interaction with sonification systems, the usual community for exploring all aspects of auditory display is <a href=\"http:\/\/www.icad.org\">ICAD <\/a>.<a name=\"satellite\"><\/a><\/p>\n\n\n\n<h2 class=\"wp-block-heading\">Satellite Events<\/h2>\n\n\n\n<p> \n \nThere are three satellite events in connection to this workshop.\n<\/p>\n\n\n\n<ul class=\"wp-block-list\">\n<li>A <i>Guided tour of permanent sound installations<\/i> in central Stockholm takes place on the 6th April 2010. \n  <\/li>\n\n\n\n<li> The <i>SID Open Seminar &#8220;Voice and Voice Functions&#8221; <\/i> takes place on the 8th April 2010.\n  <\/li>\n\n\n\n<li>A Management Committee meeting of the <a href=\"http:\/\/www.cost-sid.org\">EU COST Action IC0601 SID (Sonic Interaction Design)<\/a> takes place on the 8th April 2010.\n<\/li>\n<\/ul>\n\n\n\n<p>\nFor more details about these satellite events please read the <a href=\"#programme\">workshop programme<\/a>. \n<br> \n\nThe participation of many international experts to the workshop is expected, and promises that the workshop will be a highly productive event.\n \n<\/p>\n\n\n\n<h2 class=\"wp-block-heading\">Proceedings\/Publication<\/h2>\n\n\n\n<p> \n \nThe peer-reviewed publications will be published on the web site. We will consider to developing the web proceedings into a special issue of an international journal, as we did in the 2004 ISon workshop.<br><a name=\"programme\"><\/a><\/p>\n\n\n\n<h2 class=\"wp-block-heading\">Programme<\/h2>\n\n\n\n<p><b>Tuesday, 6th April 2010<\/b><br><\/p>\n\n\n\n<figure class=\"wp-block-table\"><table><tbody><tr><td> 16:30 <\/td><td> Registration at the Dept. of Speech Music and Hearing, KTH. <a href=\"http:\/\/www.speech.kth.se\/info\/location.html\">Click here for a map of the location.<\/a><\/td><\/tr><tr><td> 17:30 <\/td><td> <b>Satellite event<\/b>: SID-member Bj\u00f6rn Hellstr\u00f6m is involved in several permanent sound installations in the central parts of Stockholm. He will guide you to a visit of some of them. Please <a href=\"https:\/\/interactive-sonification.org\/files\/Description_on_sound_installations.pdf\">follow this link<\/a> for a brief description of the installations. \n\t<br>The guided tour will start from the ISon 2010 registration desk at KTH.<\/td><\/tr><\/tbody><\/table><\/figure>\n\n\n\n<p><b>Wednesday, 7th April 2010<\/b><br><a href=\"https:\/\/interactive-sonification.org\/files\/ISon2010_Programme.pdf\">Click here for a detailed version of the workshop programme.<\/a><br><\/p>\n\n\n\n<figure class=\"wp-block-table\"><table><tbody><tr><td> 09:00 <\/td><td> Registration<\/td><\/tr><tr><td> 09:30 <\/td><td> <b>Welcome addresses<\/b><\/td><\/tr><tr><td> 09:45<\/td><td>Keynote by Tony Stockman: <i>Listening to people, objects and interactions<\/i><\/td><\/tr><tr><td> 10:15-10:35 <\/td><td> <b>Paper Session (each 20 min = 15+5)<\/b><br> \nchair: Thomas Hermann<\/td><\/tr><tr><td> 10:35 <\/td><td><b>Posters: speed presentations<\/b><\/td><\/tr><tr><td> 10:40-11:10 <\/td><td><b>Coffee break and Poster session<\/b><\/td><\/tr><tr><td> 11:10-12:30 <\/td><td> <b>Paper Session (each 20 min = 15+5)<\/b><br> \nchair: Andy Hunt<\/td><\/tr><tr><td> 12:30-14:00 <\/td><td><span style=\"font-weight: bold;\">Lunch Break<br> \n      <\/span><\/td><\/tr><tr><td> 14:00-15:30 <\/td><td> <b>Short Paper Session (15 min = 10+5)<\/b><br>\n\t chair: Sofia Dahl<\/td><\/tr><tr><td> 15:30 <\/td><td><b>Demos: speed presentations<\/b><\/td><\/tr><tr><td> 15:35 <\/td><td><b>Coffee break <\/b>leading into<\/td><\/tr><tr><td> 15:45 <\/td><td><b>Poster and Demo Sessions<\/b><\/td><\/tr><tr><td> 17:00 <\/td><td><b>Panel Discussion<\/b><\/td><\/tr><tr><td>17:45 <\/td><td> Closing words <\/td><\/tr><tr><td>18:00 <\/td><td><b> End of Official Programme<\/b><\/td><\/tr><\/tbody><\/table><\/figure>\n\n\n\n<p><b>Thursday, 8th April 2010<\/b><br><\/p>\n\n\n\n<figure class=\"wp-block-table\"><table><tbody><tr><td> 9:00-17:00 <\/td><td><b>Satellite event at Konstfack<\/b>: Please check the <a href=\"http:\/\/www.cost-sid.org\/wiki\/MCStockholm\">COST IC601 Action SID website<\/a> for more information about this event, which includes a <b>SID Open seminar on &#8220;Voice and Voice Functions&#8221;<\/b> by Sten Ternstr\u00c3\u00b6m and Christine Ericsdotter.<\/td><\/tr><\/tbody><\/table><\/figure>\n\n\n\n<p><a name=\"cfp\"><\/a><\/p>\n\n\n\n<h2 class=\"wp-block-heading\">Call for Papers<\/h2>\n\n\n\n<p> \nIn addition to the above mentioned fields of interest, we have set a particular focus for ISon on interactive movement sonifications, and ask in particular for <b>interactive sonification of real or virtual objects, devices, tools, artifacts in movement.<\/b><br> \nWe invite four forms of presentation:\n<\/p>\n\n\n\n<ul class=\"wp-block-list\">\n<li><b>Full Papers:<\/b> 20 min. presentation (15+5), papers in pdf format 4-8 pages <\/li>\n\n\n\n<li><b>Posters:<\/b> papers in pdf format 4 pages <\/li>\n\n\n\n<li><b>Demos:<\/b> 15 min. presentation (10+5), papers in pdf format 4 pages <\/li>\n\n\n\n<li><b>Work in Progress:<\/b> 15 min presentation (10+5), papers in pdf format 2 pages <\/li>\n<\/ul>\n\n\n\n<p> \n \nFor all the above categories we ask for an Abstract (approximately a half page) to allow a decision for acceptance (see important dates below). Abstracts and final papers are to be submitted at <a href=\"http:\/\/ison2010.csc.kth.se\">http:\/\/ison2010.csc.kth.se<\/a>.  \n \nPlease indicate in the Abstract if you intend to submit multimedia examples. \n \nAuthors of accepted papers are asked to prepare their manuscript according to the following document styles, provided here as <a href=\"https:\/\/interactive-sonification.org\/files\/latex-template-ISon2010.zip\">LaTeX-template (zip, 180k) <\/a> or as <a href=\"https:\/\/interactive-sonification.org\/files\/word-template-ISon2010.doc\">Word template (doc, 52k)<\/a>.\n \nFor any general enquiries please contact <a href=\"mailto:enquiry@interactive-sonification.org\">enquiry@interactive-sonification.org<\/a><br><br><a name=\"dates\"><\/a><\/p>\n\n\n\n<h2 class=\"wp-block-heading\">Important Dates<\/h2>\n\n\n\n<figure class=\"wp-block-table\"><table><tbody><tr><td>31.10.2009<\/td><td> Deadline for Abstracts <\/td><\/tr><tr><td> 1.12.2009<\/td><td> Notification of Acceptance <\/td><\/tr><tr><td> 31.01.2010<\/td><td> Submission of Papers<\/td><\/tr><tr><td> 01.03.2010<\/td><td>Early Registration Deadline: Early registration is advised as numbers are strictly limited. <\/td><\/tr><tr><td> 22.03.2010<\/td><td> Deadline for Final Versions of Papers <\/td><\/tr><\/tbody><\/table><\/figure>\n\n\n\n<p><a name=\"registration\"><\/a><\/p>\n\n\n\n<h2 class=\"wp-block-heading\">Registration<\/h2>\n\n\n\n<p> \n \nRegistration will be <br> \nUNTIL 01.03.2010: <br><\/p>\n\n\n\n<figure class=\"wp-block-table\"><table><tbody><tr><td>10 EUR or 100 SEK<\/td><td>students <\/td><\/tr><tr><td>20 EUR or 200 SEK<\/td><td>academics\/others <\/td><\/tr><\/tbody><\/table><\/figure>\n\n\n\n<p> \n \nAFTER 01.03.2010: <br><\/p>\n\n\n\n<figure class=\"wp-block-table\"><table><tbody><tr><td>15 EUR or 150 SEK<\/td><td>students <\/td><\/tr><tr><td>30 EUR or 300 SEK<\/td><td>academics\/others <\/td><\/tr><\/tbody><\/table><\/figure>\n\n\n\n<p> \nThe fee includes:\n<\/p>\n\n\n\n<ul class=\"wp-block-list\">\n<li> Coffee breaks\n    <\/li>\n\n\n\n<li> Meeting material\n<\/li>\n<\/ul>\n\n\n\n<p>    \nPlease register as soon as possible to facilitate our planning simply by sending your commitment to attend to <a href=\"mailto:register@interactive-sonification.org\">register@interactive-sonification.org<\/a>. <b>Payment<\/b> is due at the registration desk, please <b>with CREDIT CARD<\/b> and possibly NOT IN CASH as it was stated earlier on this page<span style=\"font-weight: bold;\">.<\/span><\/p>\n\n\n\n<h2 class=\"wp-block-heading\">Location<\/h2>\n\n\n\n<ul class=\"wp-block-list\">\n<li> <b>06.04.2010<\/b>: Satellite event <i>Guided tour of permanent sound installations<\/i>. Meeting point is at the ISon 2010 registration desk at the <a href=\"http:\/\/www.speech.kth.se\/info\/location.html\">Dept. of Speech Music and Hearing, KTH<\/a>. \n  <\/li>\n\n\n\n<li> <b>07.04.2010<\/b>: ISon 2010 will take place at <a href=\"http:\/\/www.speech.kth.se\/info\/location.html\">Dept. of Speech Music and Hearing<\/a>, <a href=\"http:\/\/www.kth.se\/?l=en_UK\">KTH<\/a> main campus, <a href=\"http:\/\/hitta.se\/LargeMap.aspx?var=lindstedtsv%e4gen+24\">Lindstedtsv\u00e4gen 24<\/a>. . \n  <\/li>\n\n\n\n<li> <b>08.04.2010<\/b>: Satellite events <i>SID Open Seminar &#8220;Voice and Voice Functions&#8221; <\/i> and <i>COST Action IC0601 SID Management Committee meeting<\/i> will take place at <a href=\"http:\/\/www.konstfack.se\">Konstfack<\/a>.\n<\/li>\n<\/ul>\n\n\n\n<p><a name=\"accommodation\"><\/a><\/p>\n\n\n\n<h2 class=\"wp-block-heading\">Accommodation<\/h2>\n\n\n\n<p> \n \nWe are not able to organise any block-booked cheap accommodation.<br><\/p>\n\n\n\n<p> \n\t\tParticipants will have to arrange their own travel and accommodation. \n\t\t<\/p>\n\n\n\n<p> \n\t\tWe advise you to book accommodation early as it can be very difficult to find last-minute accomodation in Stockholm.\n\t\t<\/p>\n\n\n\n<p> \n\t\t<b>Booking services<\/b><br> \n\t\t<a href=\"http:\/\/www.stockholmtown.com\/templates\/Accomodation____7136.aspx?epslanguage=EN\">Stockholmtown.com<\/a><br> \n \n\t\t<a href=\"http:\/\/www.visit-stockholm.com\/index.htm\">Visit Stockholm<\/a><br> \n\t\t<a href=\"http:\/\/www.sbacco.com\/\">Stockholm budget accomodation<\/a> \n\t\t<\/p>\n\n\n\n<p> \n\t\tUse <a href=\"http:\/\/www.hitta.se\">hitta.se<\/a> to look up the location. ISon 2010 will take place at <a href=\"http:\/\/hitta.se\/LargeMap.aspx?var=lindstedtsv%e4gen+24\">Lindstedtsv\u00c3\u00a4gen 24<\/a>. The service is in Swedish, but is easy to use. &#8220;Vad s\u00c3\u00b6ker du?&#8221; means &#8220;what do you look for&#8221;. Type in name, company or telephone number. The second field &#8220;Var?&#8221; means &#8220;Where&#8221;, and here you type in address. Use &#8220;street &#8216;street number&#8217; stockholm&#8221;. You only need to fill out one field.\n\t\t<\/p>\n\n\n\n<p> \n\t\t<b>Bed and breakfast\/Hostels<\/b> \n\t\t<\/p>\n\n\n\n<p> \n\t\t<i>Close to ISon 2010 location<\/i><br> \n \n\t\t<a href=\"http:\/\/www.hostelbedandbreakfast.com\/\">Bed &amp; Breakfast<\/a><br> \n\t\tRehnsgatan 21<br> \n\t\tTel: +46 8 15 28 38<br> \n\t\tSleeping halls or single-rooms.<br> \n\t\t<a href=\"http:\/\/www.hostelbedandbreakfast.com\" title=\"www.hostelbedandbreakfast.com\">www.hostelbedandbreakfast.com<\/a><br> \n\t\t<\/p>\n\n\n\n<p> \n\t\t2kronor Hostel in Vasastan<br> \n\t\tSurbrunnsgatan 44<br> \n\t\tTel: +46 8 229 230<br> \n\t\tE-mail: <a href=\"mailto:nfo@2kronor.se\">nfo@2kronor.se<\/a><br> \n \n\t\t<a href=\"http:\/\/www.2kronor.se\/Welcome_en_vs.htm\" title=\"www.2kronor.se\">www.2kronor.se<\/a><br> \n\t\t<\/p>\n\n\n\n<p> \n\t\t2kronor Hostel in Old Town<br> \n\t\tSkeppsbron 40<br> \n\t\tTel: +46 8 229 230<br> \n\t\tE-mail: <a href=\"mailto:nfo@2kronor.se\">nfo@2kronor.se<\/a><br> \n \n\t\t<a href=\"http:\/\/www.2kronor.se\/Welcome.htm\" title=\"www.2kronor.se\">www.2kronor.se<\/a><br> \n\t\t<\/p>\n\n\n\n<p> \n\t\tCity Backpackers<br> \n\t\tUpplandsgatan 2 A<br> \n\t\tTel: +46 8 20 69 20<br> \n\t\t2-, 4- or 8-bed rooms<br> \n\t\tE-mail: <a href=\"mailto:city.backpackers@swipnet.se\">city.backpackers@swipnet.se<\/a><br> \n \n\t\t<a href=\"http:\/\/www.citybackpackers.org\" title=\"www.citybackpackers.org\">www.citybackpackers.org<\/a><br> \n\t\t<\/p>\n\n\n\n<p> \n\t\tColumbus Hotell och Vandrarhem<br> \n\t\tTj\u00e4rhovsgatan 11<br> \n\t\tTel: +46 8 644 17 17<br> \n \n\t\t2-, 4- or 6-bed rooms<br> \n\t\tGetting there: Subway to Medborgarplatsen, Bus 46, 48, 52.<br> \n\t\t<a href=\"http:\/\/www.columbushotell.se\/eng\/info.htm\" title=\"www.columbushotell.se\">www.columbushotell.se<\/a> \n\t\t<\/p>\n\n\n\n<p> \n\t\tColonial Hotel<br> \n\t\tV\u00e4stmannagatan 13<br> \n \n\t\tTel:+46 8 21 76 30<br> \n\t\tE-mail: <a href=\"mailto:reservation@colonial.se\">reservation@colonial.se<\/a><br> \n\t\t<a href=\"http:\/\/www.colonial.se\" title=\"www.colonial.se\">www.colonial.se<\/a> \n\t\t<\/p>\n\n\n\n<p> \n\t\tL\u00e5ngholmen Vandrarhem och Hotell<br> \n\t\tL\u00c3\u00a5ngholmsmuren 20<br> \n \n\t\tTel: +46 8 720 85 00<br> \n\t\tGetting there: Subway to Hornstull or Bus 40.<br> \n\t\t<a href=\"http:\/\/www.langholmen.com\" title=\"www.langholmen.com\">www.langholmen.com<\/a><br> \n\t\t<\/p>\n\n\n\n<p> \n\t\t<i>Less central<\/i><br> \n \n\t\tBred\u00e4ngs vandrarhem<br> \n\t\tStora s\u00e4llskapets v\u00c3\u00a4g 51<br> \n\t\tTel: +46 8 97 62 00, 97 70 71<br> \n\t\t2- or 4-bed rooms.<br> \n\t\tGetting there: Subway to Bred\u00e4ng, short walk (5 min).<br> \n\t\t<a href=\"http:\/\/www.bredangvandrarhem.se\/\" title=\"www.bredangvandrarhem.se\">www.bredangvandrarhem.se<\/a> \n \n\t\t<\/p>\n\n\n\n<p> \n\t\tSolna Hotel &amp; Vandrarhem<br> \n\t\tEnk\u00f6pingsv\u00e4gen 16<br> \n\t\tTel: +46 8 655 00 55<br> \n\t\tGetting there: Subway to Solna Centrum, bus 505 (10 min) to R\u00c3\u00a5stahem.<br> \n\t\t<a href=\"http:\/\/www.solnahotell.se\/\" title=\"www.solnahotell.se\">www.solnahotell.se<\/a><br> \n \n\t\t<\/p>\n\n\n\n<p> \n\t\t<b>Hotels<\/b> \n\t\t<\/p>\n\n\n\n<p> \n \n\t\t<i>Close to ISon 2010<\/i><br> \n\t\t<a href=\"http:\/\/info.aos.se\/E\/V\/STOSE\/0004\/48\/57\/1.html\">Art Hotel<\/a>, Johannesgatan 12<br> \n\t\t<a href=\"http:\/\/www.stureparkens.nu\/\">Stureparkens g\u00e4stv\u00e5ning<\/a>, Sturegatan 58<br> \n\t\t<a href=\"http:\/\/www.elite.se\/eng\/hotell\/stockholm\/plaza\/\">Elite Hotel Stockholm Plaza<\/a>, Birger Jarlsgatan 29<br> \n\t\t<a href=\"http:\/\/www.rexhotel.se\/\">Rex Hotel<\/a>, Luntmakargatan 73<br> \n \n\t\t<a href=\"http:\/\/www.hellsten.se\/\">Hellsten Hotel<\/a>, Luntmakargatan 68<br> \n\t\t<a href=\"http:\/\/www.choicehotels.no\/hotels\/hotel?language=en&amp;language=sv&amp;hotel=se018\">Hotel Tapto<\/a>, Jungfrugatan 57<br> \n\t\t<a href=\"http:\/\/www.elite.se\/eng\/hotell\/stockholm\/arcadia\/\">Hotel Arcadia<\/a>, K\u00f6rsb\u00e4rsv\u00e4gen 1\n\t\t<\/p>\n\n\n\n<div id=\"footer\"> \n  \u00a9 2009 \u2014 <a href=\"http:\/\/www.interactive-sonification.org\/impressum.shtml\">Thomas Hermann and Roberto Bresin<\/a> \n<\/div>\n","protected":false},"excerpt":{"rendered":"<p>Call for Papers: Special Issue on Interactive Sonification As follow-up to the ISon 2010 we announce a Special Issue on Interactive Sonification, to be published as Springer Journal on Multimodal User Interfaces (JMUI), see JMUI Special Issue &#8211; Call for Papers, deadline 2011-01-17 International Interactive Sonification Meeting Human Interaction with Auditory Displays April 7th 2010 [&hellip;]<\/p>\n","protected":false},"author":1,"featured_media":0,"parent":90,"menu_order":0,"comment_status":"closed","ping_status":"closed","template":"","meta":{"footnotes":""},"class_list":["post-113","page","type-page","status-publish","hentry"],"_links":{"self":[{"href":"https:\/\/www.interactive-sonification.org\/index.php?rest_route=\/wp\/v2\/pages\/113","targetHints":{"allow":["GET"]}}],"collection":[{"href":"https:\/\/www.interactive-sonification.org\/index.php?rest_route=\/wp\/v2\/pages"}],"about":[{"href":"https:\/\/www.interactive-sonification.org\/index.php?rest_route=\/wp\/v2\/types\/page"}],"author":[{"embeddable":true,"href":"https:\/\/www.interactive-sonification.org\/index.php?rest_route=\/wp\/v2\/users\/1"}],"replies":[{"embeddable":true,"href":"https:\/\/www.interactive-sonification.org\/index.php?rest_route=%2Fwp%2Fv2%2Fcomments&post=113"}],"version-history":[{"count":3,"href":"https:\/\/www.interactive-sonification.org\/index.php?rest_route=\/wp\/v2\/pages\/113\/revisions"}],"predecessor-version":[{"id":182,"href":"https:\/\/www.interactive-sonification.org\/index.php?rest_route=\/wp\/v2\/pages\/113\/revisions\/182"}],"up":[{"embeddable":true,"href":"https:\/\/www.interactive-sonification.org\/index.php?rest_route=\/wp\/v2\/pages\/90"}],"wp:attachment":[{"href":"https:\/\/www.interactive-sonification.org\/index.php?rest_route=%2Fwp%2Fv2%2Fmedia&parent=113"}],"curies":[{"name":"wp","href":"https:\/\/api.w.org\/{rel}","templated":true}]}}