{"id":197,"date":"2024-12-18T19:57:34","date_gmt":"2024-12-18T19:57:34","guid":{"rendered":"https:\/\/www.interactive-sonification.org\/?page_id=197"},"modified":"2026-02-06T17:31:45","modified_gmt":"2026-02-06T17:31:45","slug":"impressum","status":"publish","type":"page","link":"https:\/\/www.interactive-sonification.org\/?page_id=197","title":{"rendered":"Impressum"},"content":{"rendered":"\n<p><strong>Angaben gem\u00e4\u00df \u00a7\u202f5 TMG:<\/strong><\/p>\n\n\n\n<p><strong>Universit\u00e4t Bielefeld<br><\/strong>Universit\u00e4tsstra\u00dfe 25<br>33615 Bielefeld<br>Deutschland\u00a0<\/p>\n\n\n\n<p><strong>Betreiber der Website \/ Diensteanbieter: <\/strong><\/p>\n\n\n\n<p><strong>Responsible for Content<\/strong>: <br>Organisers of ISon workshops, i.e. Thomas Hermann, Andy Hunt, Roberto Bresin, Norberto Degara, Tim Ziemer, etc. as listed for the Interactive Sonification workshops. Authors of papers are responsible for their paper&#8217;s content.<\/p>\n\n\n\n<p><strong>Kontakt:<\/strong><br>Dr. rer. nat. Thomas Hermann<br>Ambient Intelligence Group <br>Faculty of Technology, Bielefeld University<br>Inspiration 1, 33619 Bielefeld, Germany<br>Telefon: +49 (0)521 106\u201112140<br>E\u2011Mail:\u00a0<a href=\"mailto:icad2026@techfak.uni-bielefeld.de\">thermann@techfak.uni-bielefeld.de<\/a><\/p>\n\n\n\n<p><strong>Vertretungsberechtigte Person:<\/strong><br>Die Universit\u00e4t Bielefeld wird vertreten durch die Rektorin\/den Rektor.<\/p>\n\n\n\n<p><strong>Verantwortlich f\u00fcr den Inhalt nach \u00a7\u202f18 Abs.\u202f2 MStV:<\/strong><br>Thomas Hermann<br>Ambient Intelligence Group<br>Inspiration 1<br>33615 Bielefeld<br>Deutschland&nbsp;<\/p>\n\n\n\n<p><strong>Haftungsausschluss:<\/strong><br>Trotz sorgf\u00e4ltiger inhaltlicher Kontrolle \u00fcbernehmen wir keine Haftung f\u00fcr die Inhalte externer Links. F\u00fcr den Inhalt der verlinkten Seiten sind ausschlie\u00dflich deren Betreiber verantwortlich.<\/p>\n","protected":false},"excerpt":{"rendered":"<p>Angaben gem\u00e4\u00df \u00a7\u202f5 TMG: Universit\u00e4t BielefeldUniversit\u00e4tsstra\u00dfe 2533615 BielefeldDeutschland\u00a0 Betreiber der Website \/ Diensteanbieter: Responsible for Content: Organisers of ISon workshops, i.e. Thomas Hermann, Andy Hunt, Roberto Bresin, Norberto Degara, Tim Ziemer, etc. as listed for the Interactive Sonification workshops. Authors of papers are responsible for their paper&#8217;s content. Kontakt:Dr. rer. nat. Thomas HermannAmbient Intelligence Group [&hellip;]<\/p>\n","protected":false},"author":1,"featured_media":0,"parent":6,"menu_order":190,"comment_status":"closed","ping_status":"closed","template":"","meta":{"footnotes":""},"class_list":["post-197","page","type-page","status-publish","hentry"],"_links":{"self":[{"href":"https:\/\/www.interactive-sonification.org\/index.php?rest_route=\/wp\/v2\/pages\/197","targetHints":{"allow":["GET"]}}],"collection":[{"href":"https:\/\/www.interactive-sonification.org\/index.php?rest_route=\/wp\/v2\/pages"}],"about":[{"href":"https:\/\/www.interactive-sonification.org\/index.php?rest_route=\/wp\/v2\/types\/page"}],"author":[{"embeddable":true,"href":"https:\/\/www.interactive-sonification.org\/index.php?rest_route=\/wp\/v2\/users\/1"}],"replies":[{"embeddable":true,"href":"https:\/\/www.interactive-sonification.org\/index.php?rest_route=%2Fwp%2Fv2%2Fcomments&post=197"}],"version-history":[{"count":4,"href":"https:\/\/www.interactive-sonification.org\/index.php?rest_route=\/wp\/v2\/pages\/197\/revisions"}],"predecessor-version":[{"id":210,"href":"https:\/\/www.interactive-sonification.org\/index.php?rest_route=\/wp\/v2\/pages\/197\/revisions\/210"}],"up":[{"embeddable":true,"href":"https:\/\/www.interactive-sonification.org\/index.php?rest_route=\/wp\/v2\/pages\/6"}],"wp:attachment":[{"href":"https:\/\/www.interactive-sonification.org\/index.php?rest_route=%2Fwp%2Fv2%2Fmedia&parent=197"}],"curies":[{"name":"wp","href":"https:\/\/api.w.org\/{rel}","templated":true}]}}